{"id":435,"date":"2021-08-10T18:45:44","date_gmt":"2021-08-10T18:45:44","guid":{"rendered":"http:\/\/188.166.165.124\/?page_id=435"},"modified":"2022-03-27T17:06:47","modified_gmt":"2022-03-27T17:06:47","slug":"komisije","status":"publish","type":"page","link":"https:\/\/fazandoboj.com\/?page_id=435","title":{"rendered":"Komisije"},"content":{"rendered":"\t\t<div data-elementor-type=\"wp-page\" data-elementor-id=\"435\" class=\"elementor elementor-435\">\n\t\t\t\t\t\t<section class=\"elementor-section elementor-top-section elementor-element elementor-element-fcaf2cf elementor-section-boxed elementor-section-height-default elementor-section-height-default\" data-id=\"fcaf2cf\" data-element_type=\"section\">\n\t\t\t\t\t\t<div class=\"elementor-container elementor-column-gap-default\">\n\t\t\t\t\t<div class=\"elementor-column elementor-col-100 elementor-top-column elementor-element elementor-element-ccc304e\" data-id=\"ccc304e\" data-element_type=\"column\">\n\t\t\t<div class=\"elementor-widget-wrap elementor-element-populated\">\n\t\t\t\t\t\t<div class=\"elementor-element elementor-element-50b4a91 elementor-widget elementor-widget-text-editor\" data-id=\"50b4a91\" data-element_type=\"widget\" data-widget_type=\"text-editor.default\">\n\t\t\t\t<div class=\"elementor-widget-container\">\n\t\t\t\t\t\t\t\t\t<h6><strong>Komisije<\/strong><\/h6>\n<h6>Za obavljanje odre\u0111enih pripremnih i izvr\u0161nih poslova, Upravni odbor formira stalne i povremene komisije.<br>Stalne komisije su:<br>1. Komisija za unapre\u0111enje i razvoj lovstva<br>2. Komisija za ocjenu trofeja<br>3. Komisija za pra\u0107enje rada lovo\u010duvarske slu\u017ebe<br>4. Komisija za lovno strelja\u0161tvo<br>5. Komisija za priznanja i odlikovanja<br>6. Stru\u010dna komisija za lovstvo<br>7. Statutarna komisija<br>8. Kadrovska komisija<\/h6>\n<h6><strong>Disciplinski tu\u017eilac<\/strong><\/h6>\n<h6>Disciplinski tu\u017eilac je ovla\u0161teni organ Udru\u017eenja koji pokre\u0107e disciplinski postupak i zastupa optu\u017enicu, odnosno interese Udru\u017eenja, protiv \u010dlanova Udru\u017eenja. Disciplinski tu\u017eilac pokre\u0107e disciplinski postupak samoinicijativno, po prijedlogu Nadzornog i Upravnog odbora, lovo\u010duvara, Lovovo\u0111e Udru\u017eenja, ili bilo kog lovca Udru\u017eenja ili gra\u0111anina. Disciplinski tu\u017eilac je du\u017ean postupak pokrenuti najkasnije u roku od 30 dana od dana saznanja za povredu lova\u010dke discipline ili od dana prijema prijedloga iz prethodnog stava. Disciplinskog tu\u017eioca i njegovog zamjenika, na prijedlog Upravnog<br>odbora, bira i imenuje Skup\u0161tina Udru\u017eenja na period od 4 godine. Trenutno du\u017enosti disciplinskog tu\u017eioca obavljaju Dario Lazi\u0107 i Radoslav Todorovi\u0107.<\/h6>\n<h6><strong>Disciplinski sud<\/strong><\/h6>\n<h6>Disciplinski sud je organ Udru\u017eenja koji vodi postupak za utvr\u0111ivanje povrede odredaba Zakona o lovu, Statuta i drugih normativnih akata.<br>Disciplinski sud broji tri \u010dlana i tri zamjenika. Predsjednika suda, \u010dlanove kao i njihove zamjenike imenuje Skup\u0161tina udru\u017eenja na prijedlog Upravnog odbora udru\u017eenja. Du\u017enost predsjednika suda obavlja Slobodan Lazarevi\u0107, dok su \u010dlanovi Radislav Dejanovi\u0107 i Mehmed Trnjanin.<\/h6>\t\t\t\t\t\t\t\t<\/div>\n\t\t\t\t<\/div>\n\t\t\t\t\t<\/div>\n\t\t<\/div>\n\t\t\t\t\t<\/div>\n\t\t<\/section>\n\t\t\t\t<section class=\"elementor-section elementor-top-section elementor-element elementor-element-fb29b7f elementor-section-boxed elementor-section-height-default elementor-section-height-default\" data-id=\"fb29b7f\" data-element_type=\"section\">\n\t\t\t\t\t\t<div class=\"elementor-container elementor-column-gap-default\">\n\t\t\t\t\t<div class=\"elementor-column elementor-col-100 elementor-top-column elementor-element elementor-element-20a589a\" data-id=\"20a589a\" data-element_type=\"column\">\n\t\t\t<div class=\"elementor-widget-wrap elementor-element-populated\">\n\t\t\t\t\t\t<div class=\"elementor-element elementor-element-2826490 elementor-widget elementor-widget-image\" data-id=\"2826490\" data-element_type=\"widget\" data-widget_type=\"image.default\">\n\t\t\t\t<div class=\"elementor-widget-container\">\n\t\t\t\t\t\t\t\t\t\t\t\t\t\t\t<img fetchpriority=\"high\" decoding=\"async\" width=\"512\" height=\"512\" src=\"https:\/\/fazandoboj.com\/wp-content\/uploads\/2022\/03\/1.png\" class=\"attachment-large size-large wp-image-1364\" alt=\"\" srcset=\"https:\/\/fazandoboj.com\/wp-content\/uploads\/2022\/03\/1.png 512w, https:\/\/fazandoboj.com\/wp-content\/uploads\/2022\/03\/1-300x300.png 300w, https:\/\/fazandoboj.com\/wp-content\/uploads\/2022\/03\/1-150x150.png 150w, https:\/\/fazandoboj.com\/wp-content\/uploads\/2022\/03\/1-400x400.png 400w\" sizes=\"(max-width: 512px) 100vw, 512px\" \/>\t\t\t\t\t\t\t\t\t\t\t\t\t\t\t<\/div>\n\t\t\t\t<\/div>\n\t\t\t\t\t<\/div>\n\t\t<\/div>\n\t\t\t\t\t<\/div>\n\t\t<\/section>\n\t\t\t\t<\/div>\n\t\t","protected":false},"excerpt":{"rendered":"<p>Komisije Za obavljanje odre\u0111enih pripremnih i izvr\u0161nih poslova, Upravni odbor formira stalne i povremene komisije.Stalne komisije su:1. Komisija za unapre\u0111enje i razvoj lovstva2. Komisija za ocjenu trofeja3. Komisija za pra\u0107enje rada lovo\u010duvarske slu\u017ebe4. Komisija za lovno strelja\u0161tvo5. Komisija za priznanja i odlikovanja6. Stru\u010dna komisija za lovstvo7. Statutarna komisija8. Kadrovska komisija Disciplinski tu\u017eilac Disciplinski tu\u017eilac je&#8230; <\/p>\n<div class=\"clear\"><\/div>\n<p><a href=\"https:\/\/fazandoboj.com\/?page_id=435\" class=\"excerpt-read-more\">Read More<\/a><\/p>\n","protected":false},"author":1,"featured_media":0,"parent":0,"menu_order":0,"comment_status":"closed","ping_status":"closed","template":"elementor_theme","meta":{"footnotes":""},"class_list":["post-435","page","type-page","status-publish","hentry"],"_links":{"self":[{"href":"https:\/\/fazandoboj.com\/index.php?rest_route=\/wp\/v2\/pages\/435","targetHints":{"allow":["GET"]}}],"collection":[{"href":"https:\/\/fazandoboj.com\/index.php?rest_route=\/wp\/v2\/pages"}],"about":[{"href":"https:\/\/fazandoboj.com\/index.php?rest_route=\/wp\/v2\/types\/page"}],"author":[{"embeddable":true,"href":"https:\/\/fazandoboj.com\/index.php?rest_route=\/wp\/v2\/users\/1"}],"replies":[{"embeddable":true,"href":"https:\/\/fazandoboj.com\/index.php?rest_route=%2Fwp%2Fv2%2Fcomments&post=435"}],"version-history":[{"count":10,"href":"https:\/\/fazandoboj.com\/index.php?rest_route=\/wp\/v2\/pages\/435\/revisions"}],"predecessor-version":[{"id":1475,"href":"https:\/\/fazandoboj.com\/index.php?rest_route=\/wp\/v2\/pages\/435\/revisions\/1475"}],"wp:attachment":[{"href":"https:\/\/fazandoboj.com\/index.php?rest_route=%2Fwp%2Fv2%2Fmedia&parent=435"}],"curies":[{"name":"wp","href":"https:\/\/api.w.org\/{rel}","templated":true}]}}