{"id":389,"date":"2021-08-10T18:01:21","date_gmt":"2021-08-10T18:01:21","guid":{"rendered":"http:\/\/188.166.165.124\/?page_id=389"},"modified":"2022-03-27T17:06:15","modified_gmt":"2022-03-27T17:06:15","slug":"upravni-odbor","status":"publish","type":"page","link":"https:\/\/fazandoboj.com\/?page_id=389","title":{"rendered":"Upravni odbor"},"content":{"rendered":"\t\t<div data-elementor-type=\"wp-page\" data-elementor-id=\"389\" class=\"elementor elementor-389\">\n\t\t\t\t\t\t<section class=\"elementor-section elementor-top-section elementor-element elementor-element-980f444 elementor-section-boxed elementor-section-height-default elementor-section-height-default\" data-id=\"980f444\" data-element_type=\"section\">\n\t\t\t\t\t\t<div class=\"elementor-container elementor-column-gap-default\">\n\t\t\t\t\t<div class=\"elementor-column elementor-col-100 elementor-top-column elementor-element elementor-element-3e9db7c\" data-id=\"3e9db7c\" data-element_type=\"column\">\n\t\t\t<div class=\"elementor-widget-wrap elementor-element-populated\">\n\t\t\t\t\t\t<div class=\"elementor-element elementor-element-08dec55 elementor-widget elementor-widget-text-editor\" data-id=\"08dec55\" data-element_type=\"widget\" data-widget_type=\"text-editor.default\">\n\t\t\t\t<div class=\"elementor-widget-container\">\n\t\t\t\t\t\t\t\t\t<h6>Upravni odbor je izvr\u0161ni, kolektivni i operativni organ Skup\u0161tine Udru\u017eenja, koji izvr\u0161ava odluke i zaklju\u010dke Skup\u0161tine i upravlja poslovanjem<br>Udru\u017eenja izme\u0111u dvije sjednice Skup\u0161tine, u skladu sa planovima i programima Skup\u0161tine.Odluke i zaklju\u010dci Upravnog odbora obavezuju\u0107i su za sve \u010dlanove Udru\u017eenja. \u010clanove Upravnog odbora bira Skup\u0161tina iz reda delegata Skup\u0161tine. Kandidate za \u010dlanove Upravnog odbora predla\u017eu Lova\u010dke sekcije.<br>Broj \u010dlanova Upravnog odbora bira se na osnovu brojnosti lovaca na svakom lovnom reviru, na dan po\u010detka lovne godine (1.april), i to na na\u010din da<br>lovni reviri predla\u017eu broj kandidata kako slijedi:<\/h6>\n<h6><br>a) lovni reviri koji imaju do 82 punopravna \u010dlana jednog kandidata,<br>b) lovni reviri koji imaju od 82 do 164 punopravna \u010dlana dva kandidata,<br>v) lovni reviri koji imaju od 164 do 246 punopravna \u010dlana tri kandidata, i<br>g) lovni reviri koji imaju preko 246 punopravnih \u010dlanova, \u010detiri kandidata.<br><\/h6>\n<h6>\u010clanovi Upravnog odbora su: Vedran Bo\u017ei\u010dkovi\u0107, Sini\u0161a Bo\u017ei\u010dkovi\u0107, Milan Radi\u0161kovi\u0107, Drago Ba\u0161i\u0107, Mihajlo Markovi\u0107. Milojko Stojanovi\u0107, Todor Petrovi\u0107, Dejan Pre\u0161i\u0107, Du\u0161ko Lazarevi\u0107, Savo Nedi\u0107, Obrad Simi\u0107 i Dragan Devi\u0107.<\/h6>\t\t\t\t\t\t\t\t<\/div>\n\t\t\t\t<\/div>\n\t\t\t\t\t<\/div>\n\t\t<\/div>\n\t\t\t\t\t<\/div>\n\t\t<\/section>\n\t\t\t\t<section class=\"elementor-section elementor-top-section elementor-element elementor-element-ed00411 elementor-section-boxed elementor-section-height-default elementor-section-height-default\" data-id=\"ed00411\" data-element_type=\"section\">\n\t\t\t\t\t\t<div class=\"elementor-container elementor-column-gap-default\">\n\t\t\t\t\t<div class=\"elementor-column elementor-col-100 elementor-top-column elementor-element elementor-element-c2aee6f\" data-id=\"c2aee6f\" data-element_type=\"column\">\n\t\t\t<div class=\"elementor-widget-wrap elementor-element-populated\">\n\t\t\t\t\t\t<div class=\"elementor-element elementor-element-44be55f elementor-widget elementor-widget-image\" data-id=\"44be55f\" data-element_type=\"widget\" data-widget_type=\"image.default\">\n\t\t\t\t<div class=\"elementor-widget-container\">\n\t\t\t\t\t\t\t\t\t\t\t\t\t\t\t<img fetchpriority=\"high\" decoding=\"async\" width=\"512\" height=\"512\" src=\"https:\/\/fazandoboj.com\/wp-content\/uploads\/2022\/03\/1.png\" class=\"attachment-large size-large wp-image-1364\" alt=\"\" srcset=\"https:\/\/fazandoboj.com\/wp-content\/uploads\/2022\/03\/1.png 512w, https:\/\/fazandoboj.com\/wp-content\/uploads\/2022\/03\/1-300x300.png 300w, https:\/\/fazandoboj.com\/wp-content\/uploads\/2022\/03\/1-150x150.png 150w, https:\/\/fazandoboj.com\/wp-content\/uploads\/2022\/03\/1-400x400.png 400w\" sizes=\"(max-width: 512px) 100vw, 512px\" \/>\t\t\t\t\t\t\t\t\t\t\t\t\t\t\t<\/div>\n\t\t\t\t<\/div>\n\t\t\t\t\t<\/div>\n\t\t<\/div>\n\t\t\t\t\t<\/div>\n\t\t<\/section>\n\t\t\t\t<\/div>\n\t\t","protected":false},"excerpt":{"rendered":"<p>Upravni odbor je izvr\u0161ni, kolektivni i operativni organ Skup\u0161tine Udru\u017eenja, koji izvr\u0161ava odluke i zaklju\u010dke Skup\u0161tine i upravlja poslovanjemUdru\u017eenja izme\u0111u dvije sjednice Skup\u0161tine, u skladu sa planovima i programima Skup\u0161tine.Odluke i zaklju\u010dci Upravnog odbora obavezuju\u0107i su za sve \u010dlanove Udru\u017eenja. \u010clanove Upravnog odbora bira Skup\u0161tina iz reda delegata Skup\u0161tine. Kandidate za \u010dlanove Upravnog odbora predla\u017eu&#8230; <\/p>\n<div class=\"clear\"><\/div>\n<p><a href=\"https:\/\/fazandoboj.com\/?page_id=389\" class=\"excerpt-read-more\">Read More<\/a><\/p>\n","protected":false},"author":1,"featured_media":0,"parent":0,"menu_order":0,"comment_status":"closed","ping_status":"closed","template":"","meta":{"footnotes":""},"class_list":["post-389","page","type-page","status-publish","hentry"],"_links":{"self":[{"href":"https:\/\/fazandoboj.com\/index.php?rest_route=\/wp\/v2\/pages\/389","targetHints":{"allow":["GET"]}}],"collection":[{"href":"https:\/\/fazandoboj.com\/index.php?rest_route=\/wp\/v2\/pages"}],"about":[{"href":"https:\/\/fazandoboj.com\/index.php?rest_route=\/wp\/v2\/types\/page"}],"author":[{"embeddable":true,"href":"https:\/\/fazandoboj.com\/index.php?rest_route=\/wp\/v2\/users\/1"}],"replies":[{"embeddable":true,"href":"https:\/\/fazandoboj.com\/index.php?rest_route=%2Fwp%2Fv2%2Fcomments&post=389"}],"version-history":[{"count":10,"href":"https:\/\/fazandoboj.com\/index.php?rest_route=\/wp\/v2\/pages\/389\/revisions"}],"predecessor-version":[{"id":1472,"href":"https:\/\/fazandoboj.com\/index.php?rest_route=\/wp\/v2\/pages\/389\/revisions\/1472"}],"wp:attachment":[{"href":"https:\/\/fazandoboj.com\/index.php?rest_route=%2Fwp%2Fv2%2Fmedia&parent=389"}],"curies":[{"name":"wp","href":"https:\/\/api.w.org\/{rel}","templated":true}]}}