{"id":17,"date":"2021-08-08T18:30:03","date_gmt":"2021-08-08T18:30:03","guid":{"rendered":"http:\/\/188.166.165.124\/?page_id=17"},"modified":"2022-03-27T17:04:33","modified_gmt":"2022-03-27T17:04:33","slug":"o-udruzenju","status":"publish","type":"page","link":"https:\/\/fazandoboj.com\/?page_id=17","title":{"rendered":"O udru\u017eenju"},"content":{"rendered":"\t\t<div data-elementor-type=\"wp-page\" data-elementor-id=\"17\" class=\"elementor elementor-17\">\n\t\t\t\t\t\t<section class=\"elementor-section elementor-top-section elementor-element elementor-element-5fb3702 elementor-section-full_width elementor-section-content-space-around elementor-section-height-default elementor-section-height-default\" data-id=\"5fb3702\" data-element_type=\"section\">\n\t\t\t\t\t\t<div class=\"elementor-container elementor-column-gap-default\">\n\t\t\t\t\t<div class=\"elementor-column elementor-col-100 elementor-top-column elementor-element elementor-element-33ac761\" data-id=\"33ac761\" data-element_type=\"column\">\n\t\t\t<div class=\"elementor-widget-wrap elementor-element-populated\">\n\t\t\t\t\t\t<div class=\"elementor-element elementor-element-ca5acb4 elementor-widget elementor-widget-text-editor\" data-id=\"ca5acb4\" data-element_type=\"widget\" data-widget_type=\"text-editor.default\">\n\t\t\t\t<div class=\"elementor-widget-container\">\n\t\t\t\t\t\t\t\t\t<h6>Prije izbijanja posljednjeg rata u BiH lova\u010dko dru\u0161tvo u Doboju brojala je 1.450 \u010dlanova.Tokom rata lov je suspendovan, a Fazanerija predata na upravljanje Vojnoj ustanovi \u201eBare\u201c. Tek 1995. godine grupa lovaca: Boro Cvijanovi\u0107, Vojo Nari\u0107, , Nedo Markovi\u0107 i pokojni Braco Nikoli\u0107, Mirko Da\u010di\u0107, Slavko Stojakovi\u0107 i Nikola Brkovi\u0107, pokre\u0107u inicijativu za obnavljanje rada lova\u010dkog udru\u017eenja. Na prvoj skup\u0161tini 1996. godine Udru\u017eenju je dato ime \u201cFazan\u201d, a za prvog predsjednika dru\u0161tva imenovan je Krunislav Luki\u0107, dok je lovovo\u0111a bio Slavko Stojakovi\u0107. LU \u201eFazan\u201c Doboj, prema podacima o pla\u0107enoj \u010dlanarini za 2021. godinu, broji 890 lovaca organizovanih u 26 sekcija i jedno je od najve\u0107ih lova\u010dkih udru\u017eenja u Republici Srpskoj.<\/h6>\n<h6>Gazduje povr\u0161inom od 65.633 hektara, od \u010dega je 61.623 hektara lovna povr\u0161ina. Lovi\u0161te dobojskog udru\u017eenja \u010dini prostor uz rijeke Bosnu, Spre\u010du i<br>Usoru, te planine Ozren, Trebava, Vu\u010dijak i Krnjin. Ovi prostori prirodno su stani\u0161te za srne\u0107u divlja\u010d, zeca, fazana, poljsku jarebicu, prepelicu i \u0161ljuku, a od neza\u0161ti\u0107ene divlja\u010di lovi\u0161te obiluje divljom svinjom, lisicom, jazavcem, kunom i divljom ma\u010dkom. Lovi\u0161te je brdskog tipa, nadmorske visine od 118 do 917 metara. Lova\u010dke sekcije LU \u201eFazan\u201c su: Lovni revir Ozren: Boljani\u0107, SOT Osojnica, Teku\u0107ica, Pridjel, Lipac, Paklenica i Brezici. Lovni revir Trebava: Gornja Pale\u017enica, Donja Pale\u017enica, Ko\u017euhe, Osje\u010dani, Osje\u010danske \u010civ\u010dije, Kostajnica, Bu\u0161leti\u0107, Sjenina i Zelinja. Lovni revir Krnjin: Ljeskove Vode, Grabovica, Stanovi, Kladari, Kotorskoije, Putnikovo Brdo, Velika Bukovica, Kotorsko Lovni revir Vu\u010dijak: Rite\u0161i\u0107, Majevac i Podnovlje.<\/h6>\n<h6>Na izbornoj skup\u0161tini u 2019. godini izabrano je rukovodstvo udru\u017eenja kojeg \u010dine: predsjednik Vedran Bo\u017ei\u010dkovi\u0107, lovovo\u0111a udru\u017eenja Radovan Cvijanovi\u0107 i sekretar Vojo Nari\u0107. Na izbornoj skup\u0161tini u maju, 2015. godine, predsjedniku Bo\u017ei\u010dkovi\u0107u i sekretaru Nari\u0107u povjeren je jo\u0161 jedan \u010detverogodi\u0161nji mandat, dok je za glavnog lovovo\u0111u izabran Du\u0161ko Lazarevi\u0107. Da bi potom 2019. godine skup\u0161tina povjerila i tre\u0107i mandat Vedranu Bo\u017ei\u010dkovi\u0107u, te glavnom lovovo\u0111i Du\u0161ku Lazarevi\u0107u, a za sekretara je izabran Drago Ba\u0161i\u0107.<\/h6>\n<h6>U Sastavu udru\u017eenja djeluje i radi vlastita Fazanerija \u010diji su godi\u0161nji kapaciteti oko 20.000 fazanskih pili\u0107a. Fazanerija radi punim kapacitetom, a pored oboga\u0107ivanja vlastitog lovi\u0161ta, fazanski pili\u0107i se prodaju lova\u010dkim udru\u017eenjima \u0161irom Republike Srpske i BiH. U vremenu koje dolazi planirano je pro\u0161irenje i modernizacija Fazanerije, te izgradnja modernog lova\u010dkog doma. Pored toga, odavno se osje\u0107a potreba za modernim streli\u0161tem koje bi slu\u017eilo za ga\u0111anje glinenih golubova i upucavanje lova\u010dkog oru\u017eja, ali i za obuku mladih lovaca u rukovanju oru\u017ejem. Tako\u0111e, u saradnji sa susjednim lova\u010dkim udru\u017eenjima, planirano je uno\u0161enje novih vrsta divlja\u010di u Lovi\u0161te, kao i gradnja brojnih lovno-privrednih objekata na terenu, kao \u0161to su gater za divlje svinje i stalna prihvatili\u0161ta za fazanske pili\u0107e po lovnim revirima.<\/h6>\t\t\t\t\t\t\t\t<\/div>\n\t\t\t\t<\/div>\n\t\t\t\t\t<\/div>\n\t\t<\/div>\n\t\t\t\t\t<\/div>\n\t\t<\/section>\n\t\t\t\t<section class=\"elementor-section elementor-top-section elementor-element elementor-element-5c490eb elementor-section-boxed elementor-section-height-default elementor-section-height-default\" data-id=\"5c490eb\" data-element_type=\"section\">\n\t\t\t\t\t\t<div class=\"elementor-container elementor-column-gap-default\">\n\t\t\t\t\t<div class=\"elementor-column elementor-col-100 elementor-top-column elementor-element elementor-element-8d7b621\" data-id=\"8d7b621\" data-element_type=\"column\">\n\t\t\t<div class=\"elementor-widget-wrap elementor-element-populated\">\n\t\t\t\t\t\t<div class=\"elementor-element elementor-element-8dd59d3 elementor-widget elementor-widget-image\" data-id=\"8dd59d3\" data-element_type=\"widget\" data-widget_type=\"image.default\">\n\t\t\t\t<div class=\"elementor-widget-container\">\n\t\t\t\t\t\t\t\t\t\t\t\t\t\t\t<img fetchpriority=\"high\" decoding=\"async\" width=\"512\" height=\"512\" src=\"https:\/\/fazandoboj.com\/wp-content\/uploads\/2022\/03\/1.png\" class=\"attachment-large size-large wp-image-1364\" alt=\"\" srcset=\"https:\/\/fazandoboj.com\/wp-content\/uploads\/2022\/03\/1.png 512w, https:\/\/fazandoboj.com\/wp-content\/uploads\/2022\/03\/1-300x300.png 300w, https:\/\/fazandoboj.com\/wp-content\/uploads\/2022\/03\/1-150x150.png 150w, https:\/\/fazandoboj.com\/wp-content\/uploads\/2022\/03\/1-400x400.png 400w\" sizes=\"(max-width: 512px) 100vw, 512px\" \/>\t\t\t\t\t\t\t\t\t\t\t\t\t\t\t<\/div>\n\t\t\t\t<\/div>\n\t\t\t\t\t<\/div>\n\t\t<\/div>\n\t\t\t\t\t<\/div>\n\t\t<\/section>\n\t\t\t\t<\/div>\n\t\t","protected":false},"excerpt":{"rendered":"<p>Prije izbijanja posljednjeg rata u BiH lova\u010dko dru\u0161tvo u Doboju brojala je 1.450 \u010dlanova.Tokom rata lov je suspendovan, a Fazanerija predata na upravljanje Vojnoj ustanovi \u201eBare\u201c. Tek 1995. godine grupa lovaca: Boro Cvijanovi\u0107, Vojo Nari\u0107, , Nedo Markovi\u0107 i pokojni Braco Nikoli\u0107, Mirko Da\u010di\u0107, Slavko Stojakovi\u0107 i Nikola Brkovi\u0107, pokre\u0107u inicijativu za obnavljanje rada lova\u010dkog&#8230; <\/p>\n<div class=\"clear\"><\/div>\n<p><a href=\"https:\/\/fazandoboj.com\/?page_id=17\" class=\"excerpt-read-more\">Read More<\/a><\/p>\n","protected":false},"author":1,"featured_media":0,"parent":0,"menu_order":0,"comment_status":"closed","ping_status":"closed","template":"","meta":{"footnotes":""},"class_list":["post-17","page","type-page","status-publish","hentry"],"_links":{"self":[{"href":"https:\/\/fazandoboj.com\/index.php?rest_route=\/wp\/v2\/pages\/17","targetHints":{"allow":["GET"]}}],"collection":[{"href":"https:\/\/fazandoboj.com\/index.php?rest_route=\/wp\/v2\/pages"}],"about":[{"href":"https:\/\/fazandoboj.com\/index.php?rest_route=\/wp\/v2\/types\/page"}],"author":[{"embeddable":true,"href":"https:\/\/fazandoboj.com\/index.php?rest_route=\/wp\/v2\/users\/1"}],"replies":[{"embeddable":true,"href":"https:\/\/fazandoboj.com\/index.php?rest_route=%2Fwp%2Fv2%2Fcomments&post=17"}],"version-history":[{"count":10,"href":"https:\/\/fazandoboj.com\/index.php?rest_route=\/wp\/v2\/pages\/17\/revisions"}],"predecessor-version":[{"id":1466,"href":"https:\/\/fazandoboj.com\/index.php?rest_route=\/wp\/v2\/pages\/17\/revisions\/1466"}],"wp:attachment":[{"href":"https:\/\/fazandoboj.com\/index.php?rest_route=%2Fwp%2Fv2%2Fmedia&parent=17"}],"curies":[{"name":"wp","href":"https:\/\/api.w.org\/{rel}","templated":true}]}}