{"id":11,"date":"2021-08-08T18:29:02","date_gmt":"2021-08-08T18:29:02","guid":{"rendered":"http:\/\/188.166.165.124\/?page_id=11"},"modified":"2022-09-27T07:00:52","modified_gmt":"2022-09-27T07:00:52","slug":"naslovna","status":"publish","type":"page","link":"https:\/\/fazandoboj.com\/","title":{"rendered":"Vijesti"},"content":{"rendered":"\t\t<div data-elementor-type=\"wp-page\" data-elementor-id=\"11\" class=\"elementor elementor-11\">\n\t\t\t\t\t\t<section class=\"elementor-section elementor-top-section elementor-element elementor-element-711e81c elementor-section-content-space-between elementor-section-height-min-height elementor-section-boxed elementor-section-height-default elementor-section-items-middle elementor-invisible\" data-id=\"711e81c\" data-element_type=\"section\" data-settings=\"{&quot;animation&quot;:&quot;fadeIn&quot;}\">\n\t\t\t\t\t\t<div class=\"elementor-container elementor-column-gap-custom\">\n\t\t\t\t\t<div class=\"elementor-column elementor-col-100 elementor-top-column elementor-element elementor-element-007fac4\" data-id=\"007fac4\" data-element_type=\"column\">\n\t\t\t<div class=\"elementor-widget-wrap elementor-element-populated\">\n\t\t\t\t\t\t<div class=\"elementor-element elementor-element-71935d6 elementor-widget elementor-widget-shortcode\" data-id=\"71935d6\" data-element_type=\"widget\" data-widget_type=\"shortcode.default\">\n\t\t\t\t<div class=\"elementor-widget-container\">\n\t\t\t\t\t\t\t<div class=\"elementor-shortcode\"><div class=\"pt-cv-wrapper\"><div class=\"pt-cv-view pt-cv-grid pt-cv-colsys\" id=\"pt-cv-view-d1423d492e\"><div data-id=\"pt-cv-page-1\" class=\"pt-cv-page\" data-cvc=\"3\"><div class=\"col-md-4 col-sm-4 col-xs-4 pt-cv-content-item pt-cv-1-col\" ><div class='pt-cv-ifield'><a href=\"https:\/\/fazandoboj.com\/?p=1639\" class=\"_self pt-cv-href-thumbnail pt-cv-thumb-default\" target=\"_self\" ><\/a>\n<h4 class=\"pt-cv-title\"><a href=\"https:\/\/fazandoboj.com\/?p=1639\" class=\"_self\" target=\"_self\" >DOG SHOW DOBOJ 2025<\/a><\/h4>\n<div class=\"pt-cv-content\">Ovdje mo\u017eete preuzeti katalog manifestacije katalog DOG SHOW Doboj 2025 final 209-CAC_1_DOBOJ_2025 211-CAC_2_DOBOJ_2025 210-CACIB_DOBOJ_2025 ...<br \/><div class=\"pt-cv-rmwrap\"><a href=\"https:\/\/fazandoboj.com\/?p=1639\" class=\"_self pt-cv-readmore btn btn-success\" target=\"_self\">Pro\u010ditaj vi\u0161e<\/a><\/div><\/div><\/div><\/div>\n<div class=\"col-md-4 col-sm-4 col-xs-4 pt-cv-content-item pt-cv-1-col\" ><div class='pt-cv-ifield'><a href=\"https:\/\/fazandoboj.com\/?p=1627\" class=\"_self pt-cv-href-thumbnail pt-cv-thumb-default\" target=\"_self\" ><img fetchpriority=\"high\" decoding=\"async\" width=\"300\" height=\"300\" src=\"https:\/\/fazandoboj.com\/wp-content\/uploads\/2025\/02\/480527820_957948989867776_8411604756873568277_n-300x300.jpg\" class=\"pt-cv-thumbnail\" alt=\"\" srcset=\"https:\/\/fazandoboj.com\/wp-content\/uploads\/2025\/02\/480527820_957948989867776_8411604756873568277_n-300x300.jpg 300w, https:\/\/fazandoboj.com\/wp-content\/uploads\/2025\/02\/480527820_957948989867776_8411604756873568277_n-150x150.jpg 150w, https:\/\/fazandoboj.com\/wp-content\/uploads\/2025\/02\/480527820_957948989867776_8411604756873568277_n-400x400.jpg 400w, https:\/\/fazandoboj.com\/wp-content\/uploads\/2025\/02\/480527820_957948989867776_8411604756873568277_n.jpg 632w\" sizes=\"(max-width: 300px) 100vw, 300px\" \/><\/a>\n<h4 class=\"pt-cv-title\"><a href=\"https:\/\/fazandoboj.com\/?p=1627\" class=\"_self\" target=\"_self\" >VU\u010cIJI DANI NA OZRENU 2025 &#8211; 01. MART<\/a><\/h4>\n<div class=\"pt-cv-content\">VU\u010cIJI DANI NA OZRENU 2025 24 godine tradicije VU\u010cIJI DANI NA OZRENU 01.03.2025. godine, pozivamo sve zainteresovane lovce za u\u010de\u0161\u0107e ...<br \/><div class=\"pt-cv-rmwrap\"><a href=\"https:\/\/fazandoboj.com\/?p=1627\" class=\"_self pt-cv-readmore btn btn-success\" target=\"_self\">Pro\u010ditaj vi\u0161e<\/a><\/div><\/div><\/div><\/div>\n<div class=\"col-md-4 col-sm-4 col-xs-4 pt-cv-content-item pt-cv-1-col\" ><div class='pt-cv-ifield'><a href=\"https:\/\/fazandoboj.com\/?p=1600\" class=\"_self pt-cv-href-thumbnail pt-cv-thumb-default\" target=\"_self\" ><img decoding=\"async\" width=\"300\" height=\"300\" src=\"https:\/\/fazandoboj.com\/wp-content\/uploads\/2024\/02\/logo-vuciji-dani-2024-300x300.jpg\" class=\"pt-cv-thumbnail\" alt=\"\" srcset=\"https:\/\/fazandoboj.com\/wp-content\/uploads\/2024\/02\/logo-vuciji-dani-2024-300x300.jpg 300w, https:\/\/fazandoboj.com\/wp-content\/uploads\/2024\/02\/logo-vuciji-dani-2024-150x150.jpg 150w, https:\/\/fazandoboj.com\/wp-content\/uploads\/2024\/02\/logo-vuciji-dani-2024-400x400.jpg 400w, https:\/\/fazandoboj.com\/wp-content\/uploads\/2024\/02\/logo-vuciji-dani-2024.jpg 600w\" sizes=\"(max-width: 300px) 100vw, 300px\" \/><\/a>\n<h4 class=\"pt-cv-title\"><a href=\"https:\/\/fazandoboj.com\/?p=1600\" class=\"_self\" target=\"_self\" >VU\u010cIJI DANI NA OZRENU 2024 &#8211; 23 godine tradicije<\/a><\/h4>\n<div class=\"pt-cv-content\">VU\u010cIJI DANI NA OZRENU 2024 23 godine tradicije VU\u010cIJI DANI NA OZRENU 02.03.2024. godine, pozivamo sve zainteresovane lovce za u\u010de\u0161\u0107e ...<br \/><div class=\"pt-cv-rmwrap\"><a href=\"https:\/\/fazandoboj.com\/?p=1600\" class=\"_self pt-cv-readmore btn btn-success\" target=\"_self\">Pro\u010ditaj vi\u0161e<\/a><\/div><\/div><\/div><\/div>\n<div class=\"col-md-4 col-sm-4 col-xs-4 pt-cv-content-item pt-cv-1-col\" ><div class='pt-cv-ifield'><a href=\"https:\/\/fazandoboj.com\/?p=1586\" class=\"_self pt-cv-href-thumbnail pt-cv-thumb-default\" target=\"_self\" ><img decoding=\"async\" width=\"225\" height=\"300\" src=\"https:\/\/fazandoboj.com\/wp-content\/uploads\/2023\/05\/IMG-c246f63b518f4e750e8c2176c84c1f51-V-225x300.jpg\" class=\"pt-cv-thumbnail\" alt=\"\" srcset=\"https:\/\/fazandoboj.com\/wp-content\/uploads\/2023\/05\/IMG-c246f63b518f4e750e8c2176c84c1f51-V-225x300.jpg 225w, https:\/\/fazandoboj.com\/wp-content\/uploads\/2023\/05\/IMG-c246f63b518f4e750e8c2176c84c1f51-V-768x1024.jpg 768w, https:\/\/fazandoboj.com\/wp-content\/uploads\/2023\/05\/IMG-c246f63b518f4e750e8c2176c84c1f51-V-1152x1536.jpg 1152w, https:\/\/fazandoboj.com\/wp-content\/uploads\/2023\/05\/IMG-c246f63b518f4e750e8c2176c84c1f51-V.jpg 1200w\" sizes=\"(max-width: 225px) 100vw, 225px\" \/><\/a>\n<h4 class=\"pt-cv-title\"><a href=\"https:\/\/fazandoboj.com\/?p=1586\" class=\"_self\" target=\"_self\" >REDOVNA SJEDNICA UPRAVNOG ODBORA<\/a><\/h4>\n<div class=\"pt-cv-content\">ODR\u017dANA SJEDNICA UPRAVNOG ODBORA LU \u201eFAZAN\u201c DOBOJ Lova\u010dki savez Republike Srpske nam je puna podr\u0161ka DOBOJ, 27.04.2023. godine u prostorijama ...<br \/><div class=\"pt-cv-rmwrap\"><a href=\"https:\/\/fazandoboj.com\/?p=1586\" class=\"_self pt-cv-readmore btn btn-success\" target=\"_self\">Pro\u010ditaj vi\u0161e<\/a><\/div><\/div><\/div><\/div>\n<div class=\"col-md-4 col-sm-4 col-xs-4 pt-cv-content-item pt-cv-1-col\" ><div class='pt-cv-ifield'><a href=\"https:\/\/fazandoboj.com\/?p=1564\" class=\"_self pt-cv-href-thumbnail pt-cv-thumb-default\" target=\"_self\" ><img loading=\"lazy\" decoding=\"async\" width=\"300\" height=\"200\" src=\"https:\/\/fazandoboj.com\/wp-content\/uploads\/2023\/04\/072-300x200.jpg\" class=\"pt-cv-thumbnail\" alt=\"\" srcset=\"https:\/\/fazandoboj.com\/wp-content\/uploads\/2023\/04\/072-300x200.jpg 300w, https:\/\/fazandoboj.com\/wp-content\/uploads\/2023\/04\/072-1024x683.jpg 1024w, https:\/\/fazandoboj.com\/wp-content\/uploads\/2023\/04\/072-768x512.jpg 768w, https:\/\/fazandoboj.com\/wp-content\/uploads\/2023\/04\/072-1536x1024.jpg 1536w, https:\/\/fazandoboj.com\/wp-content\/uploads\/2023\/04\/072-2048x1365.jpg 2048w\" sizes=\"(max-width: 300px) 100vw, 300px\" \/><\/a>\n<h4 class=\"pt-cv-title\"><a href=\"https:\/\/fazandoboj.com\/?p=1564\" class=\"_self\" target=\"_self\" >ODR\u017dANI VU\u010cIJI DANI NA OZRENU &#8211; 22.SUSRETI<\/a><\/h4>\n<div class=\"pt-cv-content\">U organizaciji Lova\u010dkog udru\u017eenja \u201eFazan\u201d Doboj, u subotu 4.marta 2023. godine uspje\u0161no je odr\u017eana 22. Lovno-turisti\u010dka manifestacija \u201cVu\u010diji dani na ...<br \/><div class=\"pt-cv-rmwrap\"><a href=\"https:\/\/fazandoboj.com\/?p=1564\" class=\"_self pt-cv-readmore btn btn-success\" target=\"_self\">Pro\u010ditaj vi\u0161e<\/a><\/div><\/div><\/div><\/div>\n<div class=\"col-md-4 col-sm-4 col-xs-4 pt-cv-content-item pt-cv-1-col\" ><div class='pt-cv-ifield'><a href=\"https:\/\/fazandoboj.com\/?p=1549\" class=\"_self pt-cv-href-thumbnail pt-cv-thumb-default\" target=\"_self\" ><img loading=\"lazy\" decoding=\"async\" width=\"300\" height=\"254\" src=\"https:\/\/fazandoboj.com\/wp-content\/uploads\/2023\/02\/logotip-broj-2mmxm-300x254.png\" class=\"pt-cv-thumbnail\" alt=\"\" srcset=\"https:\/\/fazandoboj.com\/wp-content\/uploads\/2023\/02\/logotip-broj-2mmxm-300x254.png 300w, https:\/\/fazandoboj.com\/wp-content\/uploads\/2023\/02\/logotip-broj-2mmxm.png 350w\" sizes=\"(max-width: 300px) 100vw, 300px\" \/><\/a>\n<h4 class=\"pt-cv-title\"><a href=\"https:\/\/fazandoboj.com\/?p=1549\" class=\"_self\" target=\"_self\" >VU\u010cIJI DANI NA OZRENU 2023 &#8211; 04.MART 2023.GODINE<\/a><\/h4>\n<div class=\"pt-cv-content\">Po\u0161tovani, Lova\u010dko udru\u017eenje \u201eFazan\u201c Doboj poziva sve lovce na Lovno-turisti\u010dku manifestaciju pod nazivom Vu\u010diji dani na Ozrenu 2023\u201c koja se\u00a0 ...<br \/><div class=\"pt-cv-rmwrap\"><a href=\"https:\/\/fazandoboj.com\/?p=1549\" class=\"_self pt-cv-readmore btn btn-success\" target=\"_self\">Pro\u010ditaj vi\u0161e<\/a><\/div><\/div><\/div><\/div>\n<div class=\"col-md-4 col-sm-4 col-xs-4 pt-cv-content-item pt-cv-1-col\" ><div class='pt-cv-ifield'><a href=\"https:\/\/fazandoboj.com\/?p=1539\" class=\"_self pt-cv-href-thumbnail pt-cv-thumb-default\" target=\"_self\" ><img loading=\"lazy\" decoding=\"async\" width=\"300\" height=\"225\" src=\"https:\/\/fazandoboj.com\/wp-content\/uploads\/2022\/12\/20221217_115256-300x225.jpg\" class=\"pt-cv-thumbnail\" alt=\"\" srcset=\"https:\/\/fazandoboj.com\/wp-content\/uploads\/2022\/12\/20221217_115256-300x225.jpg 300w, https:\/\/fazandoboj.com\/wp-content\/uploads\/2022\/12\/20221217_115256-1024x768.jpg 1024w, https:\/\/fazandoboj.com\/wp-content\/uploads\/2022\/12\/20221217_115256-768x576.jpg 768w, https:\/\/fazandoboj.com\/wp-content\/uploads\/2022\/12\/20221217_115256-1536x1152.jpg 1536w, https:\/\/fazandoboj.com\/wp-content\/uploads\/2022\/12\/20221217_115256-2048x1536.jpg 2048w, https:\/\/fazandoboj.com\/wp-content\/uploads\/2022\/12\/20221217_115256-400x300.jpg 400w\" sizes=\"(max-width: 300px) 100vw, 300px\" \/><\/a>\n<h4 class=\"pt-cv-title\"><a href=\"https:\/\/fazandoboj.com\/?p=1539\" class=\"_self\" target=\"_self\" >ZAJEDNI\u010cKI LOV NA PLANINI OZREN U LOVA\u010cKOJ SEKCIJI BOLJANI\u0106<\/a><\/h4>\n<div class=\"pt-cv-content\">Da lova\u010dka sekcija Boljani\u0107 radi veoma uspje\u0161no, pokazalo se i u subotu 17.12.202.2 godine kada su organizovali zajedni\u010dki lov divlje ...<br \/><div class=\"pt-cv-rmwrap\"><a href=\"https:\/\/fazandoboj.com\/?p=1539\" class=\"_self pt-cv-readmore btn btn-success\" target=\"_self\">Pro\u010ditaj vi\u0161e<\/a><\/div><\/div><\/div><\/div>\n<div class=\"col-md-4 col-sm-4 col-xs-4 pt-cv-content-item pt-cv-1-col\" ><div class='pt-cv-ifield'><a href=\"https:\/\/fazandoboj.com\/?p=1526\" class=\"_self pt-cv-href-thumbnail pt-cv-thumb-default\" target=\"_self\" ><img loading=\"lazy\" decoding=\"async\" width=\"300\" height=\"213\" src=\"https:\/\/fazandoboj.com\/wp-content\/uploads\/2022\/10\/plakata-lkk-slika-300x213.jpg\" class=\"pt-cv-thumbnail\" alt=\"\" srcset=\"https:\/\/fazandoboj.com\/wp-content\/uploads\/2022\/10\/plakata-lkk-slika-300x213.jpg 300w, https:\/\/fazandoboj.com\/wp-content\/uploads\/2022\/10\/plakata-lkk-slika-1024x727.jpg 1024w, https:\/\/fazandoboj.com\/wp-content\/uploads\/2022\/10\/plakata-lkk-slika-768x545.jpg 768w, https:\/\/fazandoboj.com\/wp-content\/uploads\/2022\/10\/plakata-lkk-slika-1536x1091.jpg 1536w, https:\/\/fazandoboj.com\/wp-content\/uploads\/2022\/10\/plakata-lkk-slika-2048x1454.jpg 2048w\" sizes=\"(max-width: 300px) 100vw, 300px\" \/><\/a>\n<h4 class=\"pt-cv-title\"><a href=\"https:\/\/fazandoboj.com\/?p=1526\" class=\"_self\" target=\"_self\" >LOVNO KINOLO\u0160KI KUP SVETI HUBERT &#8211; DRUGI MEMORIJAL SLAVKO JOVI\u010cI\u0106<\/a><\/h4>\n<div class=\"pt-cv-content\">Kinolo\u0161ko udru\u017eenje \u201ePrim.dr Zoran Janju\u0161evi\u0107\u201c\u00a0iz Doboja organizuje u subotu 23.10.2022. godine drugi po redu Lovno kinolo\u0161ki kup Sveti Hubert \u201eMemorijal ...<br \/><div class=\"pt-cv-rmwrap\"><a href=\"https:\/\/fazandoboj.com\/?p=1526\" class=\"_self pt-cv-readmore btn btn-success\" target=\"_self\">Pro\u010ditaj vi\u0161e<\/a><\/div><\/div><\/div><\/div>\n<div class=\"col-md-4 col-sm-4 col-xs-4 pt-cv-content-item pt-cv-1-col\" ><div class='pt-cv-ifield'><a href=\"https:\/\/fazandoboj.com\/?p=1503\" class=\"_self pt-cv-href-thumbnail pt-cv-thumb-default\" target=\"_self\" ><img loading=\"lazy\" decoding=\"async\" width=\"300\" height=\"188\" src=\"https:\/\/fazandoboj.com\/wp-content\/uploads\/2022\/08\/20220812_191426-300x188.jpg\" class=\"pt-cv-thumbnail\" alt=\"\" srcset=\"https:\/\/fazandoboj.com\/wp-content\/uploads\/2022\/08\/20220812_191426-300x188.jpg 300w, https:\/\/fazandoboj.com\/wp-content\/uploads\/2022\/08\/20220812_191426-1024x643.jpg 1024w, https:\/\/fazandoboj.com\/wp-content\/uploads\/2022\/08\/20220812_191426-768x482.jpg 768w, https:\/\/fazandoboj.com\/wp-content\/uploads\/2022\/08\/20220812_191426-1536x965.jpg 1536w, https:\/\/fazandoboj.com\/wp-content\/uploads\/2022\/08\/20220812_191426-2048x1287.jpg 2048w\" sizes=\"(max-width: 300px) 100vw, 300px\" \/><\/a>\n<h4 class=\"pt-cv-title\"><a href=\"https:\/\/fazandoboj.com\/?p=1503\" class=\"_self\" target=\"_self\" >REDOVNA SKUP\u0160TINA LU &#8222;FAZAN&#8220; DOBOJ<\/a><\/h4>\n<div class=\"pt-cv-content\">U petak 12.08.2022.godine odr\u017eana je redovna godi\u0161nja Skup\u0161tina Lova\u010dkog udru\u017eenja kojoj je prethodila i redovna sjednica Upravnog odbora. Skup\u0161tina je ...<br \/><div class=\"pt-cv-rmwrap\"><a href=\"https:\/\/fazandoboj.com\/?p=1503\" class=\"_self pt-cv-readmore btn btn-success\" target=\"_self\">Pro\u010ditaj vi\u0161e<\/a><\/div><\/div><\/div><\/div><\/div><\/div><\/div><\/div>\n\t\t\t\t\t\t<\/div>\n\t\t\t\t<\/div>\n\t\t\t\t\t<\/div>\n\t\t<\/div>\n\t\t\t\t\t<\/div>\n\t\t<\/section>\n\t\t\t\t<section class=\"elementor-section elementor-top-section elementor-element elementor-element-e51c797 elementor-section-height-min-height elementor-hidden-tablet elementor-hidden-mobile elementor-section-boxed elementor-section-height-default elementor-section-items-middle\" data-id=\"e51c797\" data-element_type=\"section\">\n\t\t\t\t\t\t<div class=\"elementor-container elementor-column-gap-default\">\n\t\t\t\t\t<div class=\"elementor-column elementor-col-100 elementor-top-column elementor-element elementor-element-e8aa470\" data-id=\"e8aa470\" data-element_type=\"column\">\n\t\t\t<div class=\"elementor-widget-wrap\">\n\t\t\t\t\t\t\t<\/div>\n\t\t<\/div>\n\t\t\t\t\t<\/div>\n\t\t<\/section>\n\t\t\t\t<section class=\"elementor-section elementor-top-section elementor-element elementor-element-51c5b90 elementor-section-boxed elementor-section-height-default elementor-section-height-default\" data-id=\"51c5b90\" data-element_type=\"section\">\n\t\t\t\t\t\t<div class=\"elementor-container elementor-column-gap-default\">\n\t\t\t\t\t<div class=\"elementor-column elementor-col-100 elementor-top-column elementor-element elementor-element-54fd696\" data-id=\"54fd696\" data-element_type=\"column\">\n\t\t\t<div class=\"elementor-widget-wrap elementor-element-populated\">\n\t\t\t\t\t\t<div class=\"elementor-element elementor-element-830c1b1 elementor-widget elementor-widget-image\" data-id=\"830c1b1\" data-element_type=\"widget\" data-widget_type=\"image.default\">\n\t\t\t\t<div class=\"elementor-widget-container\">\n\t\t\t\t\t\t\t\t\t\t\t\t\t\t\t<img loading=\"lazy\" decoding=\"async\" width=\"512\" height=\"512\" src=\"https:\/\/fazandoboj.com\/wp-content\/uploads\/2022\/03\/1.png\" class=\"attachment-large size-large wp-image-1364\" alt=\"\" srcset=\"https:\/\/fazandoboj.com\/wp-content\/uploads\/2022\/03\/1.png 512w, https:\/\/fazandoboj.com\/wp-content\/uploads\/2022\/03\/1-300x300.png 300w, https:\/\/fazandoboj.com\/wp-content\/uploads\/2022\/03\/1-150x150.png 150w, https:\/\/fazandoboj.com\/wp-content\/uploads\/2022\/03\/1-400x400.png 400w\" sizes=\"(max-width: 512px) 100vw, 512px\" \/>\t\t\t\t\t\t\t\t\t\t\t\t\t\t\t<\/div>\n\t\t\t\t<\/div>\n\t\t\t\t\t<\/div>\n\t\t<\/div>\n\t\t\t\t\t<\/div>\n\t\t<\/section>\n\t\t\t\t<\/div>\n\t\t","protected":false},"excerpt":{"rendered":"","protected":false},"author":1,"featured_media":1210,"parent":0,"menu_order":0,"comment_status":"closed","ping_status":"closed","template":"","meta":{"footnotes":""},"class_list":["post-11","page","type-page","status-publish","has-post-thumbnail","hentry"],"_links":{"self":[{"href":"https:\/\/fazandoboj.com\/index.php?rest_route=\/wp\/v2\/pages\/11","targetHints":{"allow":["GET"]}}],"collection":[{"href":"https:\/\/fazandoboj.com\/index.php?rest_route=\/wp\/v2\/pages"}],"about":[{"href":"https:\/\/fazandoboj.com\/index.php?rest_route=\/wp\/v2\/types\/page"}],"author":[{"embeddable":true,"href":"https:\/\/fazandoboj.com\/index.php?rest_route=\/wp\/v2\/users\/1"}],"replies":[{"embeddable":true,"href":"https:\/\/fazandoboj.com\/index.php?rest_route=%2Fwp%2Fv2%2Fcomments&post=11"}],"version-history":[{"count":10,"href":"https:\/\/fazandoboj.com\/index.php?rest_route=\/wp\/v2\/pages\/11\/revisions"}],"predecessor-version":[{"id":1524,"href":"https:\/\/fazandoboj.com\/index.php?rest_route=\/wp\/v2\/pages\/11\/revisions\/1524"}],"wp:featuredmedia":[{"embeddable":true,"href":"https:\/\/fazandoboj.com\/index.php?rest_route=\/wp\/v2\/media\/1210"}],"wp:attachment":[{"href":"https:\/\/fazandoboj.com\/index.php?rest_route=%2Fwp%2Fv2%2Fmedia&parent=11"}],"curies":[{"name":"wp","href":"https:\/\/api.w.org\/{rel}","templated":true}]}}