{"id":377,"date":"2021-08-10T17:59:18","date_gmt":"2021-08-10T17:59:18","guid":{"rendered":"http:\/\/188.166.165.124\/?page_id=377"},"modified":"2022-03-27T17:02:16","modified_gmt":"2022-03-27T17:02:16","slug":"fazanerija","status":"publish","type":"page","link":"http:\/\/fazandoboj.com\/?page_id=377","title":{"rendered":"Fazanerija"},"content":{"rendered":"\t\t<div data-elementor-type=\"wp-page\" data-elementor-id=\"377\" class=\"elementor elementor-377\">\n\t\t\t\t\t\t<section class=\"elementor-section elementor-top-section elementor-element elementor-element-b526d5a elementor-section-boxed elementor-section-height-default elementor-section-height-default\" data-id=\"b526d5a\" data-element_type=\"section\">\n\t\t\t\t\t\t<div class=\"elementor-container elementor-column-gap-default\">\n\t\t\t\t\t<div class=\"elementor-column elementor-col-100 elementor-top-column elementor-element elementor-element-a2b93aa\" data-id=\"a2b93aa\" data-element_type=\"column\">\n\t\t\t<div class=\"elementor-widget-wrap elementor-element-populated\">\n\t\t\t\t\t\t<div class=\"elementor-element elementor-element-1bd641f elementor-widget elementor-widget-text-editor\" data-id=\"1bd641f\" data-element_type=\"widget\" data-widget_type=\"text-editor.default\">\n\t\t\t\t<div class=\"elementor-widget-container\">\n\t\t\t\t\t\t\t\t\t<h6>Davne 1955. godine u okviru Lova\u010dkog udru\u017eenja u Doboju, osnovana je Fazanerija \u201cBare\u201c, koja je od tada u funkciji unapre\u0111enja lovstva na ovim prostorima. Danas predstavlja jednu od najve\u0107ih u Republici Srpskoj sa godi\u0161njim kapacitetom proizvodnje preko 20.000 fazanskih pili\u0107a.<\/h6><h6>Tih godina koje se smatraju po\u010decima, fazanski pili\u0107i su se proizvodili na primitvni na\u010din. Jaja su se sakupljala od fazanskih koka i predavana su tada\u0161njim lovcima koji su imali zadatak da proizvedu odre\u0111en broj fazanskih pili\u0107a pod kvo\u010dkama doma\u0107ih koko\u0161ki. U periodu te\u0161ke ekonomske krize i recesije, uz velike napore odr\u017eava se redovna godi\u0161nja proizvodnja i obezbe\u0111uju se kvalitetni fazanski pili\u0107i, kako za kupce, tako i za sopstvene potrebe.<\/h6><h6>Naime, svi fazanski pili\u0107i proizvedeni u Fazaneriji \u201eBare\u201c su u odli\u010dnoj fizi\u010dkoj kondiciji, dobro su operjani, potpuno zdravi i vakcinisani.<br \/>Fazanerija Lova\u010dkog udur\u017eenja &#8222;Fazan&#8220; iz Doboja posjeduje savremen inkubatore u kojima se jaja podvrgavaju odre\u0111enoj temperaturi i vlazi kako bi se izlegla. Pored inkubatora tu se nalaze i valjaonici u kojima se tri do \u010detiri dana pred le\u017eenje smje\u0161taju jaja. Po prebacivanju pili\u0107a iz baterija na podni sistem uzgoja, pili\u0107i su obi\u010dno starosti jedne ili dvije nedelje.<\/h6><h6>Podni sistem je vezan sa spolja\u0161no\u0161\u0107u i kada se polako grijanje smanji pili\u0107i se spremaju za kontakt sa spoljnim svijetom, a ve\u0107 sa \u010detiri nedelje grijanje se mo\u017ee potpuno isklju\u010diti. Radnici fazanerije krajnje se profesionalno odnose prema radu. Sve prostorije se po zavr\u0161etku proizvodnje jedne generacije potpuno o\u010diste i dezinfikuju te se tako pripremaju za druge generacije. \u010cisto\u0107a je veoma va\u017ean faktor kod vje\u0161ta\u010dkog uzgoja fazana. Pored svega navedenog sve prostorije u kojima se vr\u0161i uzgoj fazanskih pili\u0107a su ozvu\u010dene te tako fazani imaju stalni kontakt sa zvukovima.<\/h6>\t\t\t\t\t\t\t\t<\/div>\n\t\t\t\t<\/div>\n\t\t\t\t\t<\/div>\n\t\t<\/div>\n\t\t\t\t\t<\/div>\n\t\t<\/section>\n\t\t\t\t<\/div>\n\t\t","protected":false},"excerpt":{"rendered":"<p>Davne 1955. godine u okviru Lova\u010dkog udru\u017eenja u Doboju, osnovana je Fazanerija \u201cBare\u201c, koja je od tada u funkciji unapre\u0111enja lovstva na ovim prostorima. Danas predstavlja jednu od najve\u0107ih u Republici Srpskoj sa godi\u0161njim kapacitetom proizvodnje preko 20.000 fazanskih pili\u0107a. Tih godina koje se smatraju po\u010decima, fazanski pili\u0107i su se proizvodili na primitvni na\u010din. Jaja&#8230; <\/p>\n<div class=\"clear\"><\/div>\n<p><a href=\"http:\/\/fazandoboj.com\/?page_id=377\" class=\"excerpt-read-more\">Read More<\/a><\/p>\n","protected":false},"author":1,"featured_media":0,"parent":0,"menu_order":0,"comment_status":"closed","ping_status":"closed","template":"elementor_theme","meta":{"footnotes":""},"class_list":["post-377","page","type-page","status-publish","hentry"],"_links":{"self":[{"href":"http:\/\/fazandoboj.com\/index.php?rest_route=\/wp\/v2\/pages\/377","targetHints":{"allow":["GET"]}}],"collection":[{"href":"http:\/\/fazandoboj.com\/index.php?rest_route=\/wp\/v2\/pages"}],"about":[{"href":"http:\/\/fazandoboj.com\/index.php?rest_route=\/wp\/v2\/types\/page"}],"author":[{"embeddable":true,"href":"http:\/\/fazandoboj.com\/index.php?rest_route=\/wp\/v2\/users\/1"}],"replies":[{"embeddable":true,"href":"http:\/\/fazandoboj.com\/index.php?rest_route=%2Fwp%2Fv2%2Fcomments&post=377"}],"version-history":[{"count":10,"href":"http:\/\/fazandoboj.com\/index.php?rest_route=\/wp\/v2\/pages\/377\/revisions"}],"predecessor-version":[{"id":1457,"href":"http:\/\/fazandoboj.com\/index.php?rest_route=\/wp\/v2\/pages\/377\/revisions\/1457"}],"wp:attachment":[{"href":"http:\/\/fazandoboj.com\/index.php?rest_route=%2Fwp%2Fv2%2Fmedia&parent=377"}],"curies":[{"name":"wp","href":"https:\/\/api.w.org\/{rel}","templated":true}]}}